{"id":793,"date":"2018-11-27T09:21:24","date_gmt":"2018-11-27T14:21:24","guid":{"rendered":"https:\/\/new.atlantalatinos.com\/store\/?page_id=793"},"modified":"2018-11-27T09:24:11","modified_gmt":"2018-11-27T14:24:11","slug":"advertising-disclosure","status":"publish","type":"page","link":"https:\/\/atlantalatinos.com\/store\/advertising-disclosure\/","title":{"rendered":"Advertising Disclosure"},"content":{"rendered":"<div class=\"td-page-header\">\n<h1 class=\"entry-title td-page-title\">Advertising Disclosure<\/h1>\n<\/div>\n<div class=\"td-page-content\">\n<p><a href=\"https:\/\/atlantalatinos.com\/store\/advertising-disclosure.html\"><strong>Advertising Disclosure \u2013 Atlanta Latinos<\/strong><\/a><\/p>\n<p>As an affiliate we earn from qualifying purchases. This site accepts forms of cash advertising, sponsorship, paid insertions or other forms of compensation. You should assume all links to other sites are ads in the form of affiliate links. The compensation received may influence the advertising content, topics or posts made in this site. That content, advertising space or post may not always be identified as paid or sponsored content.<\/p>\n<p>&nbsp;<\/p>\n<p><span lang=\"es\">The owner(s) of this site is compensated to provide opinion on products, services, websites and various other topics. Even though the owner(s) of this blog receives compensation for our posts or advertisements, we always give our honest opinions, findings, beliefs, or experiences on those topics or products. The views and opinions expressed on this site are purely the webmasters own. Any product claim, statistic, quote or other representation about a product or service should be verified with the manufacturer, provider or party in question.<\/span><\/p>\n<\/div>\n<div class=\"td-page-header\">\n<h1 class=\"entry-title td-page-title\">Disclosure Policy<\/h1>\n<\/div>\n<div class=\"td-pb-padding-side td-page-content\">\n<div class=\"vc_row wpb_row td-pb-row\">\n<div class=\"td-pb-span12 wpb_column vc_column_container \">\n<div class=\"wpb_wrapper\">\n<div class=\"wpb_text_column wpb_content_element \">\n<div class=\"wpb_wrapper\">\n<h2>Atlanta Latinos Disclosure Policy<\/h2>\n<p>This policy is valid from 31 August 2016<br \/>\nThis website\u00a0is a collaborative site\u00a0written by a group of individuals. For questions about this website, please contact info@new.atlantalatinos.com.<br \/>\nThis website\u00a0accepts forms of cash advertising, sponsorship, paid insertions or other forms of compensation.<\/p>\n<p>This website\u00a0abides by word of mouth marketing standards. We believe in honesty of relationship, opinion and identity. The compensation received may influence the advertising content, topics or posts made in this website. That content, advertising space or post will be clearly identified as paid or sponsored content.<\/p>\n<p>The owner(s) of this website\u00a0is compensated to provide opinion on products, services, websites and various other topics. Even though the owner(s) of this website\u00a0receives compensation for our posts or advertisements, we always give our honest opinions, findings, beliefs, or experiences on those topics or products. The views and opinions expressed on this website\u00a0are purely the bloggers\u2019 own. Any product claim, statistic, quote or other representation about a product or service should be verified with the manufacturer, provider or party in question.<\/p>\n<p>This website\u00a0does not contain any content which might present a conflict of interest.<br \/>\nTo get your own policy, go to https:\/\/www.disclosurepolicy.org<\/p>\n<h2><span style=\"color: #ff0000;\">(Espa\u00f1ol)<\/span><br \/>\n<strong>Pol\u00edtica de privacidad<\/strong><\/h2>\n<h3>Qui\u00e9nes somos<\/h3>\n<h3><strong>Atlanta Latinos Magazine<\/strong><\/h3>\n<p>La direcci\u00f3n de nuestra web es: https:\/\/atlantalatinos.<br \/>\nQu\u00e9 datos personales recogemos y por qu\u00e9 los recogemos<br \/>\n<strong>Comentarios<\/strong><\/p>\n<p>Cuando los visitantes dejan comentarios en la web, recopilamos los datos que se muestran en el formulario de comentarios, as\u00ed como la direcci\u00f3n IP del visitante y la cadena de agentes de usuario del navegador para ayudar a la detecci\u00f3n de spam.<\/p>\n<p>Una cadena an\u00f3nima creada a partir de tu direcci\u00f3n de correo electr\u00f3nico (tambi\u00e9n llamada hash) puede ser proporcionada al servicio de Gravatar para ver si la est\u00e1s usando. La pol\u00edtica de privacidad del servicio Gravatar est\u00e1 disponible aqu\u00ed: https:\/\/automattic.com\/privacy\/. Despu\u00e9s de la aprobaci\u00f3n de tu comentario, la imagen de tu perfil es visible para el p\u00fablico en el contexto de su comentario.<br \/>\nMedios<\/p>\n<p>Si subes im\u00e1genes a la web deber\u00edas evitar subir im\u00e1genes con datos de ubicaci\u00f3n (GPS EXIF) incluidos. Los visitantes de la web pueden descargar y extraer cualquier dato de localizaci\u00f3n de las im\u00e1genes de la web.<br \/>\nFormularios de contacto<br \/>\n<strong>Cookies<\/strong><\/p>\n<p>Si dejas un comentario en nuestro sitio puedes elegir guardar tu nombre, direcci\u00f3n de correo electr\u00f3nico y web en cookies. Esto es para tu comodidad, para que no tengas que volver a rellenar tus datos cuando dejes otro comentario. Estas cookies tendr\u00e1n una duraci\u00f3n de un a\u00f1o.<\/p>\n<p>Si tienes una cuenta y te conectas a este sitio, instalaremos una cookie temporal para determinar si tu navegador acepta cookies. Esta cookie no contiene datos personales y se elimina al cerrar el navegador.<\/p>\n<p>Cuando inicias sesi\u00f3n, tambi\u00e9n instalaremos varias cookies para guardar tu informaci\u00f3n de inicio de sesi\u00f3n y tus opciones de visualizaci\u00f3n de pantalla. Las cookies de inicio de sesi\u00f3n duran dos d\u00edas, y las cookies de opciones de pantalla duran un a\u00f1o. Si seleccionas \u201cRecordarme\u201d, tu inicio de sesi\u00f3n perdurar\u00e1 durante dos semanas. Si sales de tu cuenta, las cookies de inicio de sesi\u00f3n se eliminar\u00e1n.<\/p>\n<p>Si editas o publicas un art\u00edculo se guardar\u00e1 una cookie adicional en tu navegador. Esta cookie no incluye datos personales y simplemente indica el ID del art\u00edculo que acabas de editar. Caduca despu\u00e9s de 1 d\u00eda.<br \/>\nContenido incrustado de otros sitios web<\/p>\n<p>Los art\u00edculos de este sitio pueden incluir contenido incrustado (por ejemplo, v\u00eddeos, im\u00e1genes, art\u00edculos, etc.). El contenido incrustado de otras web se comporta exactamente de la misma manera que si el visitante hubiera visitado la otra web.<\/p>\n<p>Estas web pueden recopilar datos sobre ti, utilizar cookies, incrustar un seguimiento adicional de terceros, y supervisar tu interacci\u00f3n con ese contenido incrustado, incluido el seguimiento de su interacci\u00f3n con el contenido incrustado si tienes una cuenta y est\u00e1s conectado a esa web.<br \/>\n<strong>Anal\u00edtica<\/strong><\/p>\n<p>Este sitio mide el tr\u00e1fico con diferentes soluciones que pueden utilizar cookies o web beacons para analizar lo que sucede en nuestras p\u00e1ginas. Actualmente utilizamos las siguientes soluciones para la medici\u00f3n del tr\u00e1fico de este sitio. Puedes ver m\u00e1s informaci\u00f3n sobre la pol\u00edtica de privacidad de cada una de las soluciones utilizadas para tal efecto:<\/p>\n<p>C\u00f3mo usa Google los datos que recopila en los sitios web Google (Analytics): Pol\u00edtica de Privacidad de Google Analytics (si lo deseas puedes inhabilitar el seguimiento de Google Analytics mediante este complemento para el navegador ofrecido por Google)<\/p>\n<p>Este sitio tambi\u00e9n puede albergar publicidad propia, de afiliados, o de redes publicitarias. Esta publicidad se muestra mediante servidores publicitarios que tambi\u00e9n utilizan cookies para mostrar contenidos publicitarios afines a los usuarios. Cada uno de estos servidores publicitarios dispone de su propia pol\u00edtica de privacidad, que puede ser consultada en sus propias p\u00e1ginas web.<br \/>\n<strong>Con qui\u00e9n compartimos tus datos<\/strong><\/p>\n<p>Este sitio web esta alojado en Google Cloud Bitnami. Puedes visitar sus pol\u00edticas de privacidad para mas informaci\u00f3n.<br \/>\nCu\u00e1nto tiempo conservamos tus datos<\/p>\n<p>Si dejas un comentario, el comentario y sus metadatos se conservan indefinidamente. Esto es para que podamos reconocer y aprobar comentarios sucesivos autom\u00e1ticamente en lugar de mantenerlos en una cola de moderaci\u00f3n.<\/p>\n<p>De los usuarios que se registran en nuestra web (si los hay), tambi\u00e9n almacenamos la informaci\u00f3n personal que proporcionan en su perfil de usuario. Todos los usuarios pueden ver, editar o eliminar su informaci\u00f3n personal en cualquier momento (excepto que no pueden cambiar su nombre de usuario). Los administradores de la web tambi\u00e9n pueden ver y editar esa informaci\u00f3n.<br \/>\n<strong>Qu\u00e9 derechos tienes sobre tus datos<\/strong><\/p>\n<p>Si tienes una cuenta o has dejado comentarios en esta web, puedes solicitar recibir un archivo de exportaci\u00f3n de los datos personales que tenemos sobre ti, incluyendo cualquier dato que nos hayas proporcionado. Tambi\u00e9n puedes solicitar que eliminemos cualquier dato personal que tengamos sobre ti. Esto no incluye ning\u00fan dato que estemos obligados a conservar con fines administrativos, legales o de seguridad.<br \/>\nD\u00f3nde enviamos tus datos<\/p>\n<p>Los comentarios de los visitantes puede que los revise un servicio de detecci\u00f3n autom\u00e1tica de spam. Recopilamos informaci\u00f3n sobre los visitantes que comentan en los sitios que usan nuestro servicio anti-spam Akismet. La informaci\u00f3n que recopilamos depende de c\u00f3mo el usuario configure Akismet en el sitio, pero normalmente incluye la direcci\u00f3n IP del comentarista, el navegador del usuario, el sitio de referencia y la URL del sitio (adem\u00e1s de otra informaci\u00f3n directamente facilitada por el comentarista, como su nombre, nombre de usuario, direcci\u00f3n de correo electr\u00f3nico y el mismo comentario).<br \/>\nInformaci\u00f3n de contacto<\/p>\n<p>Para cualquier aclaraci\u00f3n puedes ponerte en contacto desde el correo electr\u00f3nico info@new.atlantalatinos.com<br \/>\nC\u00f3mo protegemos tus datos<\/p>\n<p>Al usar este formulario accedes al almacenamiento y gesti\u00f3n de tus datos por parte de esta web. Abajo te mostramos todos los datos almacenados por Atlanta Latinos Magazine con la direcci\u00f3n web https:\/\/atlantalatinos.com Elige los datos que deseas que anonimice el propietario para que no se pueda volver a enlazar a tu direcci\u00f3n de correo nunca m\u00e1s. Es responsabilidad del propietario del sitio actuar a la llegada de tu solicitud. Cuando se anonimicen tus datos recibir\u00e1s una confirmaci\u00f3n por correo electr\u00f3nico.<\/p>\n<\/div>\n<\/div>\n<\/div>\n<\/div>\n<\/div>\n<\/div>\n","protected":false},"excerpt":{"rendered":"<p>Advertising Disclosure Advertising Disclosure \u2013 Atlanta Latinos As an affiliate we earn from qualifying purchases. This site accepts\u2026<\/p>\n","protected":false},"author":1,"featured_media":0,"parent":0,"menu_order":0,"comment_status":"closed","ping_status":"closed","template":"","meta":{"site-sidebar-layout":"default","site-content-layout":"","ast-site-content-layout":"default","site-content-style":"default","site-sidebar-style":"default","ast-global-header-display":"","ast-banner-title-visibility":"","ast-main-header-display":"","ast-hfb-above-header-display":"","ast-hfb-below-header-display":"","ast-hfb-mobile-header-display":"","site-post-title":"","ast-breadcrumbs-content":"","ast-featured-img":"","footer-sml-layout":"","ast-disable-related-posts":"","theme-transparent-header-meta":"","adv-header-id-meta":"","stick-header-meta":"","header-above-stick-meta":"","header-main-stick-meta":"","header-below-stick-meta":"","astra-migrate-meta-layouts":"default","ast-page-background-enabled":"default","ast-page-background-meta":{"desktop":{"background-color":"var(--ast-global-color-5)","background-image":"","background-repeat":"repeat","background-position":"center center","background-size":"auto","background-attachment":"scroll","background-type":"","background-media":"","overlay-type":"","overlay-color":"","overlay-opacity":"","overlay-gradient":""},"tablet":{"background-color":"","background-image":"","background-repeat":"repeat","background-position":"center center","background-size":"auto","background-attachment":"scroll","background-type":"","background-media":"","overlay-type":"","overlay-color":"","overlay-opacity":"","overlay-gradient":""},"mobile":{"background-color":"","background-image":"","background-repeat":"repeat","background-position":"center center","background-size":"auto","background-attachment":"scroll","background-type":"","background-media":"","overlay-type":"","overlay-color":"","overlay-opacity":"","overlay-gradient":""}},"ast-content-background-meta":{"desktop":{"background-color":"var(--ast-global-color-4)","background-image":"","background-repeat":"repeat","background-position":"center center","background-size":"auto","background-attachment":"scroll","background-type":"","background-media":"","overlay-type":"","overlay-color":"","overlay-opacity":"","overlay-gradient":""},"tablet":{"background-color":"var(--ast-global-color-4)","background-image":"","background-repeat":"repeat","background-position":"center center","background-size":"auto","background-attachment":"scroll","background-type":"","background-media":"","overlay-type":"","overlay-color":"","overlay-opacity":"","overlay-gradient":""},"mobile":{"background-color":"var(--ast-global-color-4)","background-image":"","background-repeat":"repeat","background-position":"center center","background-size":"auto","background-attachment":"scroll","background-type":"","background-media":"","overlay-type":"","overlay-color":"","overlay-opacity":"","overlay-gradient":""}},"footnotes":""},"categories":[],"tags":[],"class_list":["post-793","page","type-page","status-publish","hentry"],"yoast_head":"<!-- This site is optimized with the Yoast SEO plugin v26.6 - https:\/\/yoast.com\/wordpress\/plugins\/seo\/ -->\n<title>Advertising Disclosure &#8902;<\/title>\n<meta name=\"robots\" content=\"index, follow, max-snippet:-1, max-image-preview:large, max-video-preview:-1\" \/>\n<link rel=\"canonical\" href=\"https:\/\/atlantalatinos.com\/store\/advertising-disclosure\/\" \/>\n<meta name=\"twitter:card\" content=\"summary_large_image\" \/>\n<meta name=\"twitter:title\" content=\"Advertising Disclosure &#8902;\" \/>\n<meta name=\"twitter:description\" content=\"Advertising Disclosure Advertising Disclosure \u2013 Atlanta Latinos As an affiliate we earn from qualifying purchases. This site accepts\u2026\" \/>\n<meta name=\"twitter:label1\" content=\"Est. reading time\" \/>\n\t<meta name=\"twitter:data1\" content=\"7 minutes\" \/>\n<script type=\"application\/ld+json\" class=\"yoast-schema-graph\">{\"@context\":\"https:\/\/schema.org\",\"@graph\":[{\"@type\":\"WebPage\",\"@id\":\"https:\/\/atlantalatinos.com\/store\/advertising-disclosure\/\",\"url\":\"https:\/\/atlantalatinos.com\/store\/advertising-disclosure\/\",\"name\":\"Advertising Disclosure &#8902;\",\"isPartOf\":{\"@id\":\"https:\/\/atlantalatinos.com\/store\/#website\"},\"datePublished\":\"2018-11-27T14:21:24+00:00\",\"dateModified\":\"2018-11-27T14:24:11+00:00\",\"breadcrumb\":{\"@id\":\"https:\/\/atlantalatinos.com\/store\/advertising-disclosure\/#breadcrumb\"},\"inLanguage\":\"en-US\",\"potentialAction\":[{\"@type\":\"ReadAction\",\"target\":[\"https:\/\/atlantalatinos.com\/store\/advertising-disclosure\/\"]}]},{\"@type\":\"BreadcrumbList\",\"@id\":\"https:\/\/atlantalatinos.com\/store\/advertising-disclosure\/#breadcrumb\",\"itemListElement\":[{\"@type\":\"ListItem\",\"position\":1,\"name\":\"Home\",\"item\":\"https:\/\/atlantalatinos.com\/store\/\"},{\"@type\":\"ListItem\",\"position\":2,\"name\":\"Advertising Disclosure\"}]},{\"@type\":\"WebSite\",\"@id\":\"https:\/\/atlantalatinos.com\/store\/#website\",\"url\":\"https:\/\/atlantalatinos.com\/store\/\",\"name\":\"Atlanta Latinos Store\",\"description\":\"Best Sellers in Gifts!\",\"publisher\":{\"@id\":\"https:\/\/atlantalatinos.com\/store\/#organization\"},\"potentialAction\":[{\"@type\":\"SearchAction\",\"target\":{\"@type\":\"EntryPoint\",\"urlTemplate\":\"https:\/\/atlantalatinos.com\/store\/?s={search_term_string}\"},\"query-input\":{\"@type\":\"PropertyValueSpecification\",\"valueRequired\":true,\"valueName\":\"search_term_string\"}}],\"inLanguage\":\"en-US\"},{\"@type\":\"Organization\",\"@id\":\"https:\/\/atlantalatinos.com\/store\/#organization\",\"name\":\"Atlanta Latinos Store\",\"url\":\"https:\/\/atlantalatinos.com\/store\/\",\"logo\":{\"@type\":\"ImageObject\",\"inLanguage\":\"en-US\",\"@id\":\"https:\/\/atlantalatinos.com\/store\/#\/schema\/logo\/image\/\",\"url\":\"https:\/\/atlantalatinos.com\/store\/wp-content\/uploads\/2025\/12\/best-gifts-2025_01.webp\",\"contentUrl\":\"https:\/\/atlantalatinos.com\/store\/wp-content\/uploads\/2025\/12\/best-gifts-2025_01.webp\",\"width\":1200,\"height\":800,\"caption\":\"Atlanta Latinos Store\"},\"image\":{\"@id\":\"https:\/\/atlantalatinos.com\/store\/#\/schema\/logo\/image\/\"}}]}<\/script>\n<!-- \/ Yoast SEO plugin. -->","yoast_head_json":{"title":"Advertising Disclosure &#8902;","robots":{"index":"index","follow":"follow","max-snippet":"max-snippet:-1","max-image-preview":"max-image-preview:large","max-video-preview":"max-video-preview:-1"},"canonical":"https:\/\/atlantalatinos.com\/store\/advertising-disclosure\/","twitter_card":"summary_large_image","twitter_title":"Advertising Disclosure &#8902;","twitter_description":"Advertising Disclosure Advertising Disclosure \u2013 Atlanta Latinos As an affiliate we earn from qualifying purchases. This site accepts\u2026","twitter_misc":{"Est. reading time":"7 minutes"},"schema":{"@context":"https:\/\/schema.org","@graph":[{"@type":"WebPage","@id":"https:\/\/atlantalatinos.com\/store\/advertising-disclosure\/","url":"https:\/\/atlantalatinos.com\/store\/advertising-disclosure\/","name":"Advertising Disclosure &#8902;","isPartOf":{"@id":"https:\/\/atlantalatinos.com\/store\/#website"},"datePublished":"2018-11-27T14:21:24+00:00","dateModified":"2018-11-27T14:24:11+00:00","breadcrumb":{"@id":"https:\/\/atlantalatinos.com\/store\/advertising-disclosure\/#breadcrumb"},"inLanguage":"en-US","potentialAction":[{"@type":"ReadAction","target":["https:\/\/atlantalatinos.com\/store\/advertising-disclosure\/"]}]},{"@type":"BreadcrumbList","@id":"https:\/\/atlantalatinos.com\/store\/advertising-disclosure\/#breadcrumb","itemListElement":[{"@type":"ListItem","position":1,"name":"Home","item":"https:\/\/atlantalatinos.com\/store\/"},{"@type":"ListItem","position":2,"name":"Advertising Disclosure"}]},{"@type":"WebSite","@id":"https:\/\/atlantalatinos.com\/store\/#website","url":"https:\/\/atlantalatinos.com\/store\/","name":"Atlanta Latinos Store","description":"Best Sellers in Gifts!","publisher":{"@id":"https:\/\/atlantalatinos.com\/store\/#organization"},"potentialAction":[{"@type":"SearchAction","target":{"@type":"EntryPoint","urlTemplate":"https:\/\/atlantalatinos.com\/store\/?s={search_term_string}"},"query-input":{"@type":"PropertyValueSpecification","valueRequired":true,"valueName":"search_term_string"}}],"inLanguage":"en-US"},{"@type":"Organization","@id":"https:\/\/atlantalatinos.com\/store\/#organization","name":"Atlanta Latinos Store","url":"https:\/\/atlantalatinos.com\/store\/","logo":{"@type":"ImageObject","inLanguage":"en-US","@id":"https:\/\/atlantalatinos.com\/store\/#\/schema\/logo\/image\/","url":"https:\/\/atlantalatinos.com\/store\/wp-content\/uploads\/2025\/12\/best-gifts-2025_01.webp","contentUrl":"https:\/\/atlantalatinos.com\/store\/wp-content\/uploads\/2025\/12\/best-gifts-2025_01.webp","width":1200,"height":800,"caption":"Atlanta Latinos Store"},"image":{"@id":"https:\/\/atlantalatinos.com\/store\/#\/schema\/logo\/image\/"}}]}},"_links":{"self":[{"href":"https:\/\/atlantalatinos.com\/store\/wp-json\/wp\/v2\/pages\/793","targetHints":{"allow":["GET"]}}],"collection":[{"href":"https:\/\/atlantalatinos.com\/store\/wp-json\/wp\/v2\/pages"}],"about":[{"href":"https:\/\/atlantalatinos.com\/store\/wp-json\/wp\/v2\/types\/page"}],"author":[{"embeddable":true,"href":"https:\/\/atlantalatinos.com\/store\/wp-json\/wp\/v2\/users\/1"}],"replies":[{"embeddable":true,"href":"https:\/\/atlantalatinos.com\/store\/wp-json\/wp\/v2\/comments?post=793"}],"version-history":[{"count":0,"href":"https:\/\/atlantalatinos.com\/store\/wp-json\/wp\/v2\/pages\/793\/revisions"}],"wp:attachment":[{"href":"https:\/\/atlantalatinos.com\/store\/wp-json\/wp\/v2\/media?parent=793"}],"wp:term":[{"taxonomy":"category","embeddable":true,"href":"https:\/\/atlantalatinos.com\/store\/wp-json\/wp\/v2\/categories?post=793"},{"taxonomy":"post_tag","embeddable":true,"href":"https:\/\/atlantalatinos.com\/store\/wp-json\/wp\/v2\/tags?post=793"}],"curies":[{"name":"wp","href":"https:\/\/api.w.org\/{rel}","templated":true}]}}